{"id":3108,"date":"2022-06-07T16:22:28","date_gmt":"2022-06-07T16:22:28","guid":{"rendered":"https:\/\/mei-organics.com\/product\/tanning-mist\/"},"modified":"2023-04-18T07:18:25","modified_gmt":"2023-04-18T07:18:25","slug":"tanning-mist","status":"publish","type":"product","link":"https:\/\/mei-organics.com\/cs\/produkt\/tanning-mist\/","title":{"rendered":"Tanning mist"},"content":{"rendered":"<p><strong>Mo\u0159e, p\u00edsek a slunce a dokonal\u00e9 op\u00e1len\u00ed. Udr\u017eujte letn\u00ed op\u00e1len\u00ed po cel\u00fd rok.<\/strong><\/p>\n<p>Opalovac\u00ed voda je nejjednodu\u0161\u0161\u00ed produkt, kter\u00fd lze pou\u017e\u00edt pro samoopalov\u00e1n\u00ed. Pou\u017eijte jej kdykoli a kdekoli: doma, po cvi\u010den\u00ed, na pl\u00e1\u017ei nebo p\u0159ed rande. Rychle se vst\u0159eb\u00e1v\u00e1, nemast\u00ed poko\u017eku ani oble\u010den\u00ed a d\u00e1v\u00e1 v\u00e1m n\u00e1dhernou v\u016fni slune\u010dn\u00e9ho kokosu. Hydratuje va\u0161i poko\u017eku a pom\u00e1h\u00e1 j\u00ed vytvo\u0159it kr\u00e1sn\u00e9 op\u00e1len\u00ed bez vystaven\u00ed \u0161kodliv\u00e9mu UV z\u00e1\u0159en\u00ed. Za\u010dn\u011bte s jedinou aplikac\u00ed a postup m\u016f\u017eete n\u011bkolikr\u00e1t opakovat do po\u017eadovan\u00e9 intenzity op\u00e1len\u00ed.<\/p>\n<ul>\n<li>Postupn\u00e9 opalov\u00e1n\u00ed<\/li>\n<li>Vhodn\u00fd na obli\u010dej a t\u011blo<\/li>\n<li>\u017d\u00e1dn\u00e9 oran\u017eov\u00e9 t\u00f3ny<\/li>\n<li>\u017d\u00e1dn\u00fd z\u00e1pach<\/li>\n<\/ul>\n<p><strong>Pro dokonal\u00e9 op\u00e1len\u00ed po cel\u00fd rok.<\/strong><\/p>\n<p>P\u0159\u00edrodn\u00ed ingredience vyroben\u00e9 v EU<\/p>\n","protected":false},"excerpt":{"rendered":"<p>Postupn\u00e1 opalovac\u00ed mlha (150 ml).<\/p>\n","protected":false},"featured_media":5504,"comment_status":"closed","ping_status":"closed","template":"","meta":{"inline_featured_image":false},"product_cat":[94],"product_tag":[],"class_list":{"0":"post-3108","1":"product","2":"type-product","3":"status-publish","4":"has-post-thumbnail","6":"product_cat-tanning-mist-cs","8":"first","9":"instock","10":"sale","11":"featured","12":"taxable","13":"shipping-taxable","14":"purchasable","15":"product-type-simple"},"acf":[],"_links":{"self":[{"href":"https:\/\/mei-organics.com\/cs\/wp-json\/wp\/v2\/product\/3108","targetHints":{"allow":["GET"]}}],"collection":[{"href":"https:\/\/mei-organics.com\/cs\/wp-json\/wp\/v2\/product"}],"about":[{"href":"https:\/\/mei-organics.com\/cs\/wp-json\/wp\/v2\/types\/product"}],"replies":[{"embeddable":true,"href":"https:\/\/mei-organics.com\/cs\/wp-json\/wp\/v2\/comments?post=3108"}],"wp:featuredmedia":[{"embeddable":true,"href":"https:\/\/mei-organics.com\/cs\/wp-json\/wp\/v2\/media\/5504"}],"wp:attachment":[{"href":"https:\/\/mei-organics.com\/cs\/wp-json\/wp\/v2\/media?parent=3108"}],"wp:term":[{"taxonomy":"product_cat","embeddable":true,"href":"https:\/\/mei-organics.com\/cs\/wp-json\/wp\/v2\/product_cat?post=3108"},{"taxonomy":"product_tag","embeddable":true,"href":"https:\/\/mei-organics.com\/cs\/wp-json\/wp\/v2\/product_tag?post=3108"}],"curies":[{"name":"wp","href":"https:\/\/api.w.org\/{rel}","templated":true}]}}