{"id":4796,"date":"2022-06-28T07:54:51","date_gmt":"2022-06-28T07:54:51","guid":{"rendered":"https:\/\/mei-organics.com\/?post_type=product&#038;p=4796"},"modified":"2023-04-18T07:55:51","modified_gmt":"2023-04-18T07:55:51","slug":"body-bronzer","status":"publish","type":"product","link":"https:\/\/mei-organics.com\/cs\/produkt\/body-bronzer\/","title":{"rendered":"Body bronzer"},"content":{"rendered":"<p>100% p\u0159\u00edrodn\u00ed bronz bez pruh\u016f pro okam\u017eit\u00e9 op\u00e1len\u00ed bez slunce, kdykoliv b\u011bhem roku.<\/p>\n<ul>\n<li><strong>Okam\u017eit\u011b hladk\u00e1, leskl\u00e1 a op\u00e1len\u00e1 ple\u0165. <\/strong><\/li>\n<li><strong>Snadn\u00e1 aplikace a odstran\u011bn\u00ed.<\/strong><\/li>\n<li>Pouze prvot\u0159\u00eddn\u00ed p\u0159\u00edrodn\u00ed ingredience.<\/li>\n<li>Pro tmav\u0161\u00ed op\u00e1len\u00ed a t\u0159pytiv\u00fd vzhled bez \u0161kodliv\u00e9 expozice UV z\u00e1\u0159en\u00ed.<\/li>\n<\/ul>\n<p>V\u011bd\u011bli jste, \u017ee m\u016f\u017eete pou\u017e\u00edt bronz m\u00edsto BB kr\u00e9mu nebo pr\u00e1\u0161ku na obli\u010dej?<\/p>\n","protected":false},"excerpt":{"rendered":"<p>100% p\u0159\u00edrodn\u00ed bronzer pro okam\u017eit\u00e9 op\u00e1len\u00ed bez slun\u011bn\u00ed (100 ml).<\/p>\n","protected":false},"featured_media":5493,"comment_status":"closed","ping_status":"closed","template":"","meta":{"inline_featured_image":false},"product_cat":[106,94],"product_tag":[],"class_list":{"0":"post-4796","1":"product","2":"type-product","3":"status-publish","4":"has-post-thumbnail","6":"product_cat-mei-organics-cs","7":"product_cat-tanning-mist-cs","9":"first","10":"outofstock","11":"sale","12":"taxable","13":"shipping-taxable","14":"purchasable","15":"product-type-simple"},"acf":[],"_links":{"self":[{"href":"https:\/\/mei-organics.com\/cs\/wp-json\/wp\/v2\/product\/4796","targetHints":{"allow":["GET"]}}],"collection":[{"href":"https:\/\/mei-organics.com\/cs\/wp-json\/wp\/v2\/product"}],"about":[{"href":"https:\/\/mei-organics.com\/cs\/wp-json\/wp\/v2\/types\/product"}],"replies":[{"embeddable":true,"href":"https:\/\/mei-organics.com\/cs\/wp-json\/wp\/v2\/comments?post=4796"}],"wp:featuredmedia":[{"embeddable":true,"href":"https:\/\/mei-organics.com\/cs\/wp-json\/wp\/v2\/media\/5493"}],"wp:attachment":[{"href":"https:\/\/mei-organics.com\/cs\/wp-json\/wp\/v2\/media?parent=4796"}],"wp:term":[{"taxonomy":"product_cat","embeddable":true,"href":"https:\/\/mei-organics.com\/cs\/wp-json\/wp\/v2\/product_cat?post=4796"},{"taxonomy":"product_tag","embeddable":true,"href":"https:\/\/mei-organics.com\/cs\/wp-json\/wp\/v2\/product_tag?post=4796"}],"curies":[{"name":"wp","href":"https:\/\/api.w.org\/{rel}","templated":true}]}}