{"id":4807,"date":"2022-07-01T13:17:15","date_gmt":"2022-07-01T13:17:15","guid":{"rendered":"https:\/\/mei-organics.com\/?post_type=product&#038;p=4807"},"modified":"2022-07-21T07:35:26","modified_gmt":"2022-07-21T07:35:26","slug":"tanning-mist","status":"publish","type":"product","link":"https:\/\/mei-organics.com\/de\/produkt\/tanning-mist\/","title":{"rendered":"Tanning mist"},"content":{"rendered":"<p><strong>Meer, Sand, Sonne und perfekte Br\u00e4une. Erhalten Sie die Sommerbr\u00e4une das ganze Jahr \u00fcber. <\/strong><\/p>\n<p>Das Br\u00e4unungswasser ist das einfachste Mittel zur Selbstbr\u00e4unung.\u00a0 Verwenden Sie es jederzeit und \u00fcberall: zu Hause, nach dem Training, am Strand oder vor einem Date. Es zieht schnell ein, fettet weder auf der Haut noch auf der Kleidung und duftet herrlich nach sonniger Kokosnuss. Es spendet Ihrer Haut Feuchtigkeit und hilft ihr, eine sch\u00f6ne Br\u00e4une zu entwickeln, ohne sch\u00e4dlichen UV-Strahlen ausgesetzt zu sein. Beginnen Sie mit einer Anwendung und wiederholen Sie den Vorgang mehrmals, bis Sie die gew\u00fcnschte Br\u00e4unungsintensit\u00e4t erreicht haben.<\/p>\n<ul>\n<li>Allm\u00e4hliche Br\u00e4unung<\/li>\n<li>F\u00fcr Gesicht und K\u00f6rper geeignet<\/li>\n<li>Keine Oranget\u00f6ne<\/li>\n<li>Kein unangenehmer Geruch<\/li>\n<\/ul>\n<p>Nat\u00fcrliche Inhaltsstoffe und hergestellt in der EU<\/p>\n","protected":false},"excerpt":{"rendered":"<p>Allm\u00e4hlicher Selbstbr\u00e4uner f\u00fcr Gesicht und K\u00f6rper (150 ml)<\/p>\n","protected":false},"featured_media":4993,"comment_status":"open","ping_status":"closed","template":"","meta":{"inline_featured_image":false},"product_cat":[15],"product_tag":[],"class_list":{"0":"post-4807","1":"product","2":"type-product","3":"status-publish","4":"has-post-thumbnail","6":"product_cat-uncategorized","8":"first","9":"instock","10":"sale","11":"featured","12":"taxable","13":"shipping-taxable","14":"purchasable","15":"product-type-simple"},"acf":[],"_links":{"self":[{"href":"https:\/\/mei-organics.com\/de\/wp-json\/wp\/v2\/product\/4807","targetHints":{"allow":["GET"]}}],"collection":[{"href":"https:\/\/mei-organics.com\/de\/wp-json\/wp\/v2\/product"}],"about":[{"href":"https:\/\/mei-organics.com\/de\/wp-json\/wp\/v2\/types\/product"}],"replies":[{"embeddable":true,"href":"https:\/\/mei-organics.com\/de\/wp-json\/wp\/v2\/comments?post=4807"}],"wp:featuredmedia":[{"embeddable":true,"href":"https:\/\/mei-organics.com\/de\/wp-json\/wp\/v2\/media\/4993"}],"wp:attachment":[{"href":"https:\/\/mei-organics.com\/de\/wp-json\/wp\/v2\/media?parent=4807"}],"wp:term":[{"taxonomy":"product_cat","embeddable":true,"href":"https:\/\/mei-organics.com\/de\/wp-json\/wp\/v2\/product_cat?post=4807"},{"taxonomy":"product_tag","embeddable":true,"href":"https:\/\/mei-organics.com\/de\/wp-json\/wp\/v2\/product_tag?post=4807"}],"curies":[{"name":"wp","href":"https:\/\/api.w.org\/{rel}","templated":true}]}}