{"id":4815,"date":"2022-07-02T08:12:46","date_gmt":"2022-07-02T08:12:46","guid":{"rendered":"https:\/\/mei-organics.com\/?post_type=product&#038;p=4815"},"modified":"2022-07-21T07:34:55","modified_gmt":"2022-07-21T07:34:55","slug":"tanning-oil","status":"publish","type":"product","link":"https:\/\/mei-organics.com\/de\/produkt\/tanning-oil\/","title":{"rendered":"Tanning oil"},"content":{"rendered":"<p>Das MEI-Br\u00e4unungs\u00f6l hilft Ihnen, eine<strong> tiefe, dunkle und langanhaltende Br\u00e4une<\/strong> zu erzielen. Gleichzeitig h\u00e4lt es die Haut <strong>hydratisiert, gl\u00e4nzend und geschmeidig.<\/strong> Verwenden Sie es am Strand, im Solarium und als ganzj\u00e4hriges t\u00e4gliches K\u00f6rper\u00f6l. Die n\u00e4hrstoffreiche Mischung aus 100 % nat\u00fcrlichen Inhaltsstoffen mit Jojoba\u00f6l, Traubenkern\u00f6l, Vitamin E und Beta-Carotin macht Ihre Haut st\u00e4rker, elastischer und ges\u00fcnder.<\/p>\n<ul>\n<li>schnellere und bessere Br\u00e4unungsergebnisse<\/li>\n<li>tiefere, dunklere und lang anhaltende Br\u00e4une<\/li>\n<li>f\u00fcr eine hydratisierte, glatte und gesunde Haut<\/li>\n<li>geeignet f\u00fcr das Solarium und als t\u00e4gliches K\u00f6rper\u00f6l<\/li>\n<\/ul>\n<p>Praktische Verpackung mit einem Verschluss, der ein Auslaufen verhindert.<br \/>\n100% nat\u00fcrliche Inhaltsstoffe, hergestellt in der EU.<\/p>\n","protected":false},"excerpt":{"rendered":"<p class=\"top-wrapper--description\">Schnellere und tiefere, langanhaltende Br\u00e4une (200 ml).<\/p>\n","protected":false},"featured_media":5015,"comment_status":"open","ping_status":"closed","template":"","meta":{"inline_featured_image":false},"product_cat":[15],"product_tag":[],"class_list":{"0":"post-4815","1":"product","2":"type-product","3":"status-publish","4":"has-post-thumbnail","6":"product_cat-uncategorized","8":"first","9":"instock","10":"sale","11":"featured","12":"taxable","13":"shipping-taxable","14":"purchasable","15":"product-type-simple"},"acf":[],"_links":{"self":[{"href":"https:\/\/mei-organics.com\/de\/wp-json\/wp\/v2\/product\/4815","targetHints":{"allow":["GET"]}}],"collection":[{"href":"https:\/\/mei-organics.com\/de\/wp-json\/wp\/v2\/product"}],"about":[{"href":"https:\/\/mei-organics.com\/de\/wp-json\/wp\/v2\/types\/product"}],"replies":[{"embeddable":true,"href":"https:\/\/mei-organics.com\/de\/wp-json\/wp\/v2\/comments?post=4815"}],"wp:featuredmedia":[{"embeddable":true,"href":"https:\/\/mei-organics.com\/de\/wp-json\/wp\/v2\/media\/5015"}],"wp:attachment":[{"href":"https:\/\/mei-organics.com\/de\/wp-json\/wp\/v2\/media?parent=4815"}],"wp:term":[{"taxonomy":"product_cat","embeddable":true,"href":"https:\/\/mei-organics.com\/de\/wp-json\/wp\/v2\/product_cat?post=4815"},{"taxonomy":"product_tag","embeddable":true,"href":"https:\/\/mei-organics.com\/de\/wp-json\/wp\/v2\/product_tag?post=4815"}],"curies":[{"name":"wp","href":"https:\/\/api.w.org\/{rel}","templated":true}]}}