{"id":4817,"date":"2022-07-02T08:20:29","date_gmt":"2022-07-02T08:20:29","guid":{"rendered":"https:\/\/mei-organics.com\/?post_type=product&#038;p=4817"},"modified":"2022-07-20T06:37:48","modified_gmt":"2022-07-20T06:37:48","slug":"tanning-jam","status":"publish","type":"product","link":"https:\/\/mei-organics.com\/de\/produkt\/tanning-jam\/","title":{"rendered":"Tanning Jam"},"content":{"rendered":"<p>Erzielen Sie die tiefste und beste nat\u00fcrliche Br\u00e4une. Diese hochwertige, feuchtigkeitsspendende Br\u00e4unungscreme mit Beta-Carotin, Karottenextrakt, Bio-Jojoba\u00f6l, Bio-Kokosnuss\u00f6l, Bio-Sheabutter, Bio-Kakaobutter und Rosmarin pflegt Ihre Haut und sorgt f\u00fcr eine tiefe, nat\u00fcrliche Br\u00e4une.<\/p>\n<ul>\n<li>schnellere Br\u00e4une bei geringerer Sonneneinstrahlung<\/li>\n<li>zus\u00e4tzliches Beta-Carotin f\u00fcr l\u00e4nger anhaltende Br\u00e4une<\/li>\n<li>n\u00e4hrende &amp; feuchtigkeitsspendende Creme<\/li>\n<li>mit Goldpigmenten f\u00fcr ein strahlendes Aussehen<\/li>\n<li>ohne Konservierungsstoffe, ohne Petrolatum und ohne Paraffin<\/li>\n<li>l\u00e4nger anhaltende Br\u00e4une<\/li>\n<li>zieht schnell ein und hinterl\u00e4sst keine Flecken<\/li>\n<\/ul>\n","protected":false},"excerpt":{"rendered":"<p>100% nat\u00fcrliche, br\u00e4unungsbeschleunigende Creme (140ml).<\/p>\n","protected":false},"featured_media":4971,"comment_status":"open","ping_status":"closed","template":"","meta":{"inline_featured_image":false},"product_cat":[15],"product_tag":[],"class_list":{"0":"post-4817","1":"product","2":"type-product","3":"status-publish","4":"has-post-thumbnail","6":"product_cat-uncategorized","8":"first","9":"instock","10":"sale","11":"featured","12":"taxable","13":"shipping-taxable","14":"purchasable","15":"product-type-simple"},"acf":[],"_links":{"self":[{"href":"https:\/\/mei-organics.com\/de\/wp-json\/wp\/v2\/product\/4817","targetHints":{"allow":["GET"]}}],"collection":[{"href":"https:\/\/mei-organics.com\/de\/wp-json\/wp\/v2\/product"}],"about":[{"href":"https:\/\/mei-organics.com\/de\/wp-json\/wp\/v2\/types\/product"}],"replies":[{"embeddable":true,"href":"https:\/\/mei-organics.com\/de\/wp-json\/wp\/v2\/comments?post=4817"}],"wp:featuredmedia":[{"embeddable":true,"href":"https:\/\/mei-organics.com\/de\/wp-json\/wp\/v2\/media\/4971"}],"wp:attachment":[{"href":"https:\/\/mei-organics.com\/de\/wp-json\/wp\/v2\/media?parent=4817"}],"wp:term":[{"taxonomy":"product_cat","embeddable":true,"href":"https:\/\/mei-organics.com\/de\/wp-json\/wp\/v2\/product_cat?post=4817"},{"taxonomy":"product_tag","embeddable":true,"href":"https:\/\/mei-organics.com\/de\/wp-json\/wp\/v2\/product_tag?post=4817"}],"curies":[{"name":"wp","href":"https:\/\/api.w.org\/{rel}","templated":true}]}}