{"id":4822,"date":"2022-07-04T09:52:17","date_gmt":"2022-07-04T09:52:17","guid":{"rendered":"https:\/\/mei-organics.com\/?post_type=product&#038;p=4822"},"modified":"2022-07-21T07:34:17","modified_gmt":"2022-07-21T07:34:17","slug":"body-bronzer","status":"publish","type":"product","link":"https:\/\/mei-organics.com\/de\/produkt\/body-bronzer\/","title":{"rendered":"Body bronzer"},"content":{"rendered":"<p>100% nat\u00fcrlicher, streifenloser Br\u00e4uner f\u00fcr eine sofortige Br\u00e4unung ohne Sonneneinstrahlung - das ganze Jahr \u00fcber. Sofort glatte, gl\u00e4nzende und gebr\u00e4unte Haut. Einfache Anwendung und Entfernung. Nur hochwertige nat\u00fcrliche Inhaltsstoffe. F\u00fcr dunklere Br\u00e4une und schimmerndes Aussehen, ohne sch\u00e4dliche UV-Lichtbelastung.<\/p>\n","protected":false},"excerpt":{"rendered":"<p>Geeignet f\u00fcr empfindliche und zu Allergien neigende Haut. (100 ml)<\/p>\n","protected":false},"featured_media":5037,"comment_status":"open","ping_status":"closed","template":"","meta":{"inline_featured_image":false},"product_cat":[61,82],"product_tag":[],"class_list":{"0":"post-4822","1":"product","2":"type-product","3":"status-publish","4":"has-post-thumbnail","6":"product_cat-mei-organics-de","7":"product_cat-tanning-mist-de","9":"first","10":"instock","11":"sale","12":"featured","13":"taxable","14":"shipping-taxable","15":"purchasable","16":"product-type-simple"},"acf":[],"_links":{"self":[{"href":"https:\/\/mei-organics.com\/de\/wp-json\/wp\/v2\/product\/4822","targetHints":{"allow":["GET"]}}],"collection":[{"href":"https:\/\/mei-organics.com\/de\/wp-json\/wp\/v2\/product"}],"about":[{"href":"https:\/\/mei-organics.com\/de\/wp-json\/wp\/v2\/types\/product"}],"replies":[{"embeddable":true,"href":"https:\/\/mei-organics.com\/de\/wp-json\/wp\/v2\/comments?post=4822"}],"wp:featuredmedia":[{"embeddable":true,"href":"https:\/\/mei-organics.com\/de\/wp-json\/wp\/v2\/media\/5037"}],"wp:attachment":[{"href":"https:\/\/mei-organics.com\/de\/wp-json\/wp\/v2\/media?parent=4822"}],"wp:term":[{"taxonomy":"product_cat","embeddable":true,"href":"https:\/\/mei-organics.com\/de\/wp-json\/wp\/v2\/product_cat?post=4822"},{"taxonomy":"product_tag","embeddable":true,"href":"https:\/\/mei-organics.com\/de\/wp-json\/wp\/v2\/product_tag?post=4822"}],"curies":[{"name":"wp","href":"https:\/\/api.w.org\/{rel}","templated":true}]}}