{"id":2350,"date":"2022-06-07T16:22:28","date_gmt":"2022-06-07T16:22:28","guid":{"rendered":"https:\/\/mei-organics.com\/product\/tanning-mist\/"},"modified":"2022-06-25T19:02:19","modified_gmt":"2022-06-25T19:02:19","slug":"tanning-mist","status":"publish","type":"product","link":"https:\/\/mei-organics.com\/es\/producto\/tanning-mist\/","title":{"rendered":"Tanning mist"},"content":{"rendered":"<p>\u00bfTe preguntas por qu\u00e9 \u00faltimamente todo el mundo jura por las aguas o brumas autobronceadoras? Son simplemente la forma m\u00e1s f\u00e1cil y eficaz de conseguir un bronceado completamente natural y gradual.<\/p>\n<ul>\n<li>para todo tipo de pieles<\/li>\n<li>no deja manchas<\/li>\n<li>no deja matices\/colores anaranjados<\/li>\n<li>sin olor desagradable<\/li>\n<\/ul>\n","protected":false},"excerpt":{"rendered":"<p>Agua autobronceadora gradual para cara y cuerpo (150 ml).<\/p>\n","protected":false},"featured_media":5512,"comment_status":"closed","ping_status":"closed","template":"","meta":{"inline_featured_image":false},"product_cat":[88],"product_tag":[],"class_list":{"0":"post-2350","1":"product","2":"type-product","3":"status-publish","4":"has-post-thumbnail","6":"product_cat-tanning-mist-es","8":"first","9":"instock","10":"sale","11":"featured","12":"taxable","13":"shipping-taxable","14":"purchasable","15":"product-type-simple"},"acf":[],"_links":{"self":[{"href":"https:\/\/mei-organics.com\/es\/wp-json\/wp\/v2\/product\/2350","targetHints":{"allow":["GET"]}}],"collection":[{"href":"https:\/\/mei-organics.com\/es\/wp-json\/wp\/v2\/product"}],"about":[{"href":"https:\/\/mei-organics.com\/es\/wp-json\/wp\/v2\/types\/product"}],"replies":[{"embeddable":true,"href":"https:\/\/mei-organics.com\/es\/wp-json\/wp\/v2\/comments?post=2350"}],"wp:featuredmedia":[{"embeddable":true,"href":"https:\/\/mei-organics.com\/es\/wp-json\/wp\/v2\/media\/5512"}],"wp:attachment":[{"href":"https:\/\/mei-organics.com\/es\/wp-json\/wp\/v2\/media?parent=2350"}],"wp:term":[{"taxonomy":"product_cat","embeddable":true,"href":"https:\/\/mei-organics.com\/es\/wp-json\/wp\/v2\/product_cat?post=2350"},{"taxonomy":"product_tag","embeddable":true,"href":"https:\/\/mei-organics.com\/es\/wp-json\/wp\/v2\/product_tag?post=2350"}],"curies":[{"name":"wp","href":"https:\/\/api.w.org\/{rel}","templated":true}]}}