{"id":2343,"date":"2022-06-07T16:22:28","date_gmt":"2022-06-07T16:22:28","guid":{"rendered":"https:\/\/mei-organics.com\/product\/tanning-mist\/"},"modified":"2024-05-27T08:33:14","modified_gmt":"2024-05-27T08:33:14","slug":"tanning-mist","status":"publish","type":"product","link":"https:\/\/mei-organics.com\/hr\/proizvod\/tanning-mist\/","title":{"rendered":"Tanning mist"},"content":{"rendered":"<blockquote><p>Da li se pitate za\u0161to se svi u posljednje vrijeme zaklinju u samotamnjivaju\u0107e vode ili sprejeve? Oni su jednostavno najlak\u0161i i naju\u010dinkovitiji na\u010din postizanja potpuno prirodnog i postupnog preplanulosti.<\/p><\/blockquote>\n<ul>\n<li>za sve tipove ko\u017ee<\/li>\n<li>ne ostavlja mrlje<\/li>\n<li>bez naran\u010dastih nijansi \/ boje<\/li>\n<li>bez neugodnog mirisa<\/li>\n<\/ul>\n<blockquote><p><strong>Za savr\u0161enu blagdansku preplanulost tijekom cijele godine. <\/strong><\/p><\/blockquote>\n","protected":false},"excerpt":{"rendered":"<p>Voda za postupno samotamnjenje lica i tijela (150 ml).<\/p>\n","protected":false},"featured_media":5503,"comment_status":"closed","ping_status":"closed","template":"","meta":{"inline_featured_image":false},"product_cat":[79],"product_tag":[],"class_list":{"0":"post-2343","1":"product","2":"type-product","3":"status-publish","4":"has-post-thumbnail","6":"product_cat-tanning-mist","8":"first","9":"instock","10":"sale","11":"featured","12":"taxable","13":"shipping-taxable","14":"purchasable","15":"product-type-simple"},"acf":[],"_links":{"self":[{"href":"https:\/\/mei-organics.com\/hr\/wp-json\/wp\/v2\/product\/2343","targetHints":{"allow":["GET"]}}],"collection":[{"href":"https:\/\/mei-organics.com\/hr\/wp-json\/wp\/v2\/product"}],"about":[{"href":"https:\/\/mei-organics.com\/hr\/wp-json\/wp\/v2\/types\/product"}],"replies":[{"embeddable":true,"href":"https:\/\/mei-organics.com\/hr\/wp-json\/wp\/v2\/comments?post=2343"}],"wp:featuredmedia":[{"embeddable":true,"href":"https:\/\/mei-organics.com\/hr\/wp-json\/wp\/v2\/media\/5503"}],"wp:attachment":[{"href":"https:\/\/mei-organics.com\/hr\/wp-json\/wp\/v2\/media?parent=2343"}],"wp:term":[{"taxonomy":"product_cat","embeddable":true,"href":"https:\/\/mei-organics.com\/hr\/wp-json\/wp\/v2\/product_cat?post=2343"},{"taxonomy":"product_tag","embeddable":true,"href":"https:\/\/mei-organics.com\/hr\/wp-json\/wp\/v2\/product_tag?post=2343"}],"curies":[{"name":"wp","href":"https:\/\/api.w.org\/{rel}","templated":true}]}}