{"id":7528,"date":"2022-06-28T08:08:43","date_gmt":"2022-06-28T08:08:43","guid":{"rendered":"https:\/\/mei-organics.com\/?post_type=product&#038;p=7528"},"modified":"2024-05-27T08:31:47","modified_gmt":"2024-05-27T08:31:47","slug":"body-lotion","status":"publish","type":"product","link":"https:\/\/mei-organics.com\/hr\/proizvod\/body-lotion\/","title":{"rendered":"Body lotion"},"content":{"rendered":"<p>BIO mlijeko za tijelo s odabranim sastojcima njeguje i vla\u017ei ko\u017eu. Prikladno za sve tipove ko\u017ee, uklju\u010duju\u0107i i osjetljivu ko\u017eu. Sadr\u017ei visok postotak <strong>shea maslaca, jojobe i kokosovih ulja.<\/strong> Ostanite dulje preplanuli uz premium njegu poslije sunca.<\/p>\n<ul>\n<li>\u2022 ubla\u017eava opekline, njeguje i vla\u017ei o\u0161te\u0107enu i pregrijanu ko\u017eu.<\/li>\n<li>\u2022 smiruje nadra\u017eenu ko\u017eu, ubla\u017eava crvenilo<\/li>\n<li>\u2022 sprje\u010dava prijevremeno starenje, ubrzava proces regeneracije<\/li>\n<\/ul>\n<p>Izvrstan cjelogodi\u0161nji losion za tijelo i <strong>mlijeko poslije sun\u010danja.<\/strong> Prirodna mje\u0161avina \u010dini ga prikladnim za osjetljivu ko\u017eu i za djecu.<\/p>\n","protected":false},"excerpt":{"rendered":"<p>Prirodni losion za tijelo \u010dudesnog mirisa (200 ml).<\/p>\n","protected":false},"featured_media":5470,"comment_status":"closed","ping_status":"closed","template":"","meta":{"inline_featured_image":false},"product_cat":[65,79],"product_tag":[],"class_list":{"0":"post-7528","1":"product","2":"type-product","3":"status-publish","4":"has-post-thumbnail","6":"product_cat-mei-organics-hr","7":"product_cat-tanning-mist","9":"first","10":"instock","11":"sale","12":"taxable","13":"shipping-taxable","14":"purchasable","15":"product-type-simple"},"acf":[],"_links":{"self":[{"href":"https:\/\/mei-organics.com\/hr\/wp-json\/wp\/v2\/product\/7528","targetHints":{"allow":["GET"]}}],"collection":[{"href":"https:\/\/mei-organics.com\/hr\/wp-json\/wp\/v2\/product"}],"about":[{"href":"https:\/\/mei-organics.com\/hr\/wp-json\/wp\/v2\/types\/product"}],"replies":[{"embeddable":true,"href":"https:\/\/mei-organics.com\/hr\/wp-json\/wp\/v2\/comments?post=7528"}],"wp:featuredmedia":[{"embeddable":true,"href":"https:\/\/mei-organics.com\/hr\/wp-json\/wp\/v2\/media\/5470"}],"wp:attachment":[{"href":"https:\/\/mei-organics.com\/hr\/wp-json\/wp\/v2\/media?parent=7528"}],"wp:term":[{"taxonomy":"product_cat","embeddable":true,"href":"https:\/\/mei-organics.com\/hr\/wp-json\/wp\/v2\/product_cat?post=7528"},{"taxonomy":"product_tag","embeddable":true,"href":"https:\/\/mei-organics.com\/hr\/wp-json\/wp\/v2\/product_tag?post=7528"}],"curies":[{"name":"wp","href":"https:\/\/api.w.org\/{rel}","templated":true}]}}