{"id":2346,"date":"2022-06-07T16:22:28","date_gmt":"2022-06-07T16:22:28","guid":{"rendered":"https:\/\/mei-organics.com\/product\/tanning-mist\/"},"modified":"2023-04-18T07:38:18","modified_gmt":"2023-04-18T07:38:18","slug":"tanning-mist","status":"publish","type":"product","link":"https:\/\/mei-organics.com\/hu\/termek\/tanning-mist\/","title":{"rendered":"Tanning mist"},"content":{"rendered":"<p>Vajon mi\u00e9rt esk\u00fcszik mostan\u00e1ban mindenki \u00f6nbarn\u00edt\u00f3 vizekre vagy k\u00f6d\u00f6kre? Ezek egyszer\u0171en a legegyszer\u0171bb \u00e9s leghat\u00e9konyabb m\u00f3dszerek a teljesen term\u00e9szetes \u00e9s fokozatos barnul\u00e1s el\u00e9r\u00e9s\u00e9re.<\/p>\n<ul>\n<li>minden b\u0151rt\u00edpusra<\/li>\n<li>nem hagy foltot<\/li>\n<li>nincs narancss\u00e1rga \u00e1rnyalata\/sz\u00edne<\/li>\n<li>nincs kellemetlen szaga<\/li>\n<\/ul>\n<p>&nbsp;<\/p>\n<p><strong>A t\u00f6k\u00e9letes \u00fcnnepi barnul\u00e1s \u00e9rdek\u00e9ben eg\u00e9sz \u00e9vben.<\/strong><\/p>\n","protected":false},"excerpt":{"rendered":"<p class=\"top-wrapper--description\">Fokozatosan \u00f6nbarn\u00edt\u00f3 v\u00edz arcra \u00e9s testre (150 ml).<\/p>\n","protected":false},"featured_media":5507,"comment_status":"closed","ping_status":"closed","template":"","meta":{"inline_featured_image":false},"product_cat":[83],"product_tag":[],"class_list":{"0":"post-2346","1":"product","2":"type-product","3":"status-publish","4":"has-post-thumbnail","6":"product_cat-tanning-mist-hu","8":"first","9":"instock","10":"sale","11":"featured","12":"taxable","13":"shipping-taxable","14":"purchasable","15":"product-type-simple"},"acf":[],"_links":{"self":[{"href":"https:\/\/mei-organics.com\/hu\/wp-json\/wp\/v2\/product\/2346","targetHints":{"allow":["GET"]}}],"collection":[{"href":"https:\/\/mei-organics.com\/hu\/wp-json\/wp\/v2\/product"}],"about":[{"href":"https:\/\/mei-organics.com\/hu\/wp-json\/wp\/v2\/types\/product"}],"replies":[{"embeddable":true,"href":"https:\/\/mei-organics.com\/hu\/wp-json\/wp\/v2\/comments?post=2346"}],"wp:featuredmedia":[{"embeddable":true,"href":"https:\/\/mei-organics.com\/hu\/wp-json\/wp\/v2\/media\/5507"}],"wp:attachment":[{"href":"https:\/\/mei-organics.com\/hu\/wp-json\/wp\/v2\/media?parent=2346"}],"wp:term":[{"taxonomy":"product_cat","embeddable":true,"href":"https:\/\/mei-organics.com\/hu\/wp-json\/wp\/v2\/product_cat?post=2346"},{"taxonomy":"product_tag","embeddable":true,"href":"https:\/\/mei-organics.com\/hu\/wp-json\/wp\/v2\/product_tag?post=2346"}],"curies":[{"name":"wp","href":"https:\/\/api.w.org\/{rel}","templated":true}]}}