{"id":4679,"date":"2022-06-29T12:42:13","date_gmt":"2022-06-29T12:42:13","guid":{"rendered":"https:\/\/mei-organics.com\/?post_type=product&#038;p=4679"},"modified":"2023-04-18T07:43:02","modified_gmt":"2023-04-18T07:43:02","slug":"tanning-mist-copy","status":"publish","type":"product","link":"https:\/\/mei-organics.com\/hu\/termek\/tanning-mist-copy\/","title":{"rendered":"Tanning jam"},"content":{"rendered":"<p>A legm\u00e9lyebb \u00e9s legjobb term\u00e9szetes barnas\u00e1g el\u00e9r\u00e9se. Ez a b\u00e9ta-karotinnal, s\u00e1rgar\u00e9pa kivonattal, bio jojobaolajjal, bio k\u00f3kuszolajjal, bio shea vajjal, bio kaka\u00f3vajjal \u00e9s rozmaringgal d\u00fas\u00edtott pr\u00e9mium, hidrat\u00e1l\u00f3 barn\u00edt\u00f3 kr\u00e9m t\u00e1pl\u00e1lja b\u0151r\u00e9t, mik\u00f6zben m\u00e9ly term\u00e9szetes barnas\u00e1got \u00e9r el.<\/p>\n<ul>\n<li>gyorsabb barnul\u00e1s kevesebb napsug\u00e1rz\u00e1ssal<\/li>\n<li>hozz\u00e1adott b\u00e9ta-karotin a hosszan tart\u00f3 barnas\u00e1g\u00e9rt<\/li>\n<li>t\u00e1pl\u00e1l\u00f3 \u00e9s hidrat\u00e1l\u00f3 kr\u00e9m<\/li>\n<li>aranysz\u00edn\u0171 pigmentekkel a csillog\u00f3 megjelen\u00e9s\u00e9rt<\/li>\n<li>nem tartalmaz tart\u00f3s\u00edt\u00f3szert, petrol\u00e1tumot \u00e9s paraffint<\/li>\n<li>hosszabb ideig tart\u00f3 barnas\u00e1g<\/li>\n<li>gyorsan felsz\u00edv\u00f3d\u00f3 \u00e9s foltmentes<\/li>\n<\/ul>\n","protected":false},"excerpt":{"rendered":"<p class=\"top-wrapper--description\">100% term\u00e9szetes barnul\u00e1st gyors\u00edt\u00f3 kr\u00e9m (140ml).<\/p>\n","protected":false},"featured_media":5463,"comment_status":"closed","ping_status":"closed","template":"","meta":{"inline_featured_image":false},"product_cat":[83],"product_tag":[],"class_list":{"0":"post-4679","1":"product","2":"type-product","3":"status-publish","4":"has-post-thumbnail","6":"product_cat-tanning-mist-hu","8":"first","9":"instock","10":"sale","11":"featured","12":"taxable","13":"shipping-taxable","14":"purchasable","15":"product-type-simple"},"acf":[],"_links":{"self":[{"href":"https:\/\/mei-organics.com\/hu\/wp-json\/wp\/v2\/product\/4679","targetHints":{"allow":["GET"]}}],"collection":[{"href":"https:\/\/mei-organics.com\/hu\/wp-json\/wp\/v2\/product"}],"about":[{"href":"https:\/\/mei-organics.com\/hu\/wp-json\/wp\/v2\/types\/product"}],"replies":[{"embeddable":true,"href":"https:\/\/mei-organics.com\/hu\/wp-json\/wp\/v2\/comments?post=4679"}],"wp:featuredmedia":[{"embeddable":true,"href":"https:\/\/mei-organics.com\/hu\/wp-json\/wp\/v2\/media\/5463"}],"wp:attachment":[{"href":"https:\/\/mei-organics.com\/hu\/wp-json\/wp\/v2\/media?parent=4679"}],"wp:term":[{"taxonomy":"product_cat","embeddable":true,"href":"https:\/\/mei-organics.com\/hu\/wp-json\/wp\/v2\/product_cat?post=4679"},{"taxonomy":"product_tag","embeddable":true,"href":"https:\/\/mei-organics.com\/hu\/wp-json\/wp\/v2\/product_tag?post=4679"}],"curies":[{"name":"wp","href":"https:\/\/api.w.org\/{rel}","templated":true}]}}