{"id":6071,"date":"2022-06-28T08:08:43","date_gmt":"2022-06-28T08:08:43","guid":{"rendered":"https:\/\/mei-organics.com\/?post_type=product&#038;p=6071"},"modified":"2023-04-20T06:51:47","modified_gmt":"2023-04-20T06:51:47","slug":"body-lotion","status":"publish","type":"product","link":"https:\/\/mei-organics.com\/hu\/termek\/body-lotion\/","title":{"rendered":"Body lotion"},"content":{"rendered":"<p>Bio testtej v\u00e1logatott \u00f6sszetev\u0151kkel, t\u00e1pl\u00e1lja \u00e9s hidrat\u00e1lja a b\u0151rt. Minden b\u0151rt\u00edpusra alkalmas, bele\u00e9rtve az \u00e9rz\u00e9keny b\u0151rt is. Nagyon magas <strong>sz\u00e1zal\u00e9kban tartalmaz sheavajat, jojoba- \u00e9s k\u00f3kuszolajat.<\/strong> Maradjon tov\u00e1bb barn\u00edtott a pr\u00e9mium napoz\u00e1s ut\u00e1ni \u00e1pol\u00e1ssal.<\/p>\n<ul>\n<li>enyh\u00edti az \u00e9g\u00e9si s\u00e9r\u00fcl\u00e9seket, t\u00e1pl\u00e1lja \u00e9s hidrat\u00e1lja a s\u00e9r\u00fclt \u00e9s t\u00falmelegedett b\u0151rt.<\/li>\n<li>nyugtatja az irrit\u00e1lt b\u0151rt, enyh\u00edti a b\u0151rp\u00edrt<\/li>\n<li>megakad\u00e1lyozza az id\u0151 el\u0151tti \u00f6reged\u00e9st, felgyors\u00edtja a regener\u00e1ci\u00f3t<\/li>\n<\/ul>\n<p>Kiv\u00e1l\u00f3 eg\u00e9sz \u00e9vben haszn\u00e1lhat\u00f3 test\u00e1pol\u00f3k\u00e9nt \u00e9s <strong>napoz\u00e1s ut\u00e1ni tejk\u00e9nt.<\/strong> Term\u00e9szetes \u00f6sszet\u00e9tele alkalmass\u00e1 teszi \u00e9rz\u00e9keny b\u0151rre \u00e9s gyerekekre.<\/p>\n","protected":false},"excerpt":{"rendered":"<p>Term\u00e9szetes test\u00e1pol\u00f3, csod\u00e1latos illattal.<\/p>\n","protected":false},"featured_media":5474,"comment_status":"closed","ping_status":"closed","template":"","meta":{"inline_featured_image":false},"product_cat":[69,83],"product_tag":[],"class_list":{"0":"post-6071","1":"product","2":"type-product","3":"status-publish","4":"has-post-thumbnail","6":"product_cat-mei-organics-hu","7":"product_cat-tanning-mist-hu","9":"first","10":"instock","11":"sale","12":"featured","13":"taxable","14":"shipping-taxable","15":"purchasable","16":"product-type-simple"},"acf":[],"_links":{"self":[{"href":"https:\/\/mei-organics.com\/hu\/wp-json\/wp\/v2\/product\/6071","targetHints":{"allow":["GET"]}}],"collection":[{"href":"https:\/\/mei-organics.com\/hu\/wp-json\/wp\/v2\/product"}],"about":[{"href":"https:\/\/mei-organics.com\/hu\/wp-json\/wp\/v2\/types\/product"}],"replies":[{"embeddable":true,"href":"https:\/\/mei-organics.com\/hu\/wp-json\/wp\/v2\/comments?post=6071"}],"wp:featuredmedia":[{"embeddable":true,"href":"https:\/\/mei-organics.com\/hu\/wp-json\/wp\/v2\/media\/5474"}],"wp:attachment":[{"href":"https:\/\/mei-organics.com\/hu\/wp-json\/wp\/v2\/media?parent=6071"}],"wp:term":[{"taxonomy":"product_cat","embeddable":true,"href":"https:\/\/mei-organics.com\/hu\/wp-json\/wp\/v2\/product_cat?post=6071"},{"taxonomy":"product_tag","embeddable":true,"href":"https:\/\/mei-organics.com\/hu\/wp-json\/wp\/v2\/product_tag?post=6071"}],"curies":[{"name":"wp","href":"https:\/\/api.w.org\/{rel}","templated":true}]}}