{"id":7203,"date":"2022-06-28T07:54:51","date_gmt":"2022-06-28T07:54:51","guid":{"rendered":"https:\/\/mei-organics.com\/?post_type=product&#038;p=7203"},"modified":"2023-04-18T07:53:34","modified_gmt":"2023-04-18T07:53:34","slug":"body-bronzer","status":"publish","type":"product","link":"https:\/\/mei-organics.com\/hu\/termek\/body-bronzer\/","title":{"rendered":"Bronzer"},"content":{"rendered":"<p>100% p\u0159\u00edrodn\u00ed bronz bez pruh\u016f pro okam\u017eit\u00e9 <strong>op\u00e1len\u00ed bez slunce<\/strong>, kdykoliv b\u011bhem roku.<\/p>\n<ul>\n<li><strong>Azonnal sima, ragyog\u00f3 \u00e9s cserzett b\u0151r. <\/strong><\/li>\n<li><strong>K\u00f6nny\u0171 felhord\u00e1s \u00e9s elt\u00e1vol\u00edt\u00e1s.<\/strong><\/li>\n<li>Csak pr\u00e9mium term\u00e9szetes \u00f6sszetev\u0151k.<\/li>\n<li>S\u00f6t\u00e9tebb barnul\u00e1s \u00e9s csillog\u00f3 megjelen\u00e9s \u00e9rdek\u00e9ben, k\u00e1ros UV-expoz\u00edci\u00f3 n\u00e9lk\u00fcl.<\/li>\n<\/ul>\n<p>Tudta, hogy bronz haszn\u00e1lhat\u00f3 BB kr\u00e9m vagy arcpor helyett?<\/p>\n","protected":false},"excerpt":{"rendered":"<p>Csillog\u00f3 testbronzoz\u00f3 a karcs\u00fabb megjelen\u00e9s\u00e9rt \u00e9s hidrat\u00e1lt b\u0151r\u00e9rt (100 ml).<\/p>\n","protected":false},"featured_media":5496,"comment_status":"closed","ping_status":"closed","template":"","meta":{"inline_featured_image":false},"product_cat":[69,83],"product_tag":[],"class_list":{"0":"post-7203","1":"product","2":"type-product","3":"status-publish","4":"has-post-thumbnail","6":"product_cat-mei-organics-hu","7":"product_cat-tanning-mist-hu","9":"first","10":"outofstock","11":"sale","12":"featured","13":"taxable","14":"shipping-taxable","15":"purchasable","16":"product-type-simple"},"acf":[],"_links":{"self":[{"href":"https:\/\/mei-organics.com\/hu\/wp-json\/wp\/v2\/product\/7203","targetHints":{"allow":["GET"]}}],"collection":[{"href":"https:\/\/mei-organics.com\/hu\/wp-json\/wp\/v2\/product"}],"about":[{"href":"https:\/\/mei-organics.com\/hu\/wp-json\/wp\/v2\/types\/product"}],"replies":[{"embeddable":true,"href":"https:\/\/mei-organics.com\/hu\/wp-json\/wp\/v2\/comments?post=7203"}],"wp:featuredmedia":[{"embeddable":true,"href":"https:\/\/mei-organics.com\/hu\/wp-json\/wp\/v2\/media\/5496"}],"wp:attachment":[{"href":"https:\/\/mei-organics.com\/hu\/wp-json\/wp\/v2\/media?parent=7203"}],"wp:term":[{"taxonomy":"product_cat","embeddable":true,"href":"https:\/\/mei-organics.com\/hu\/wp-json\/wp\/v2\/product_cat?post=7203"},{"taxonomy":"product_tag","embeddable":true,"href":"https:\/\/mei-organics.com\/hu\/wp-json\/wp\/v2\/product_tag?post=7203"}],"curies":[{"name":"wp","href":"https:\/\/api.w.org\/{rel}","templated":true}]}}