{"id":2348,"date":"2022-06-07T16:22:28","date_gmt":"2022-06-07T16:22:28","guid":{"rendered":"https:\/\/mei-organics.com\/product\/tanning-mist\/"},"modified":"2023-04-18T06:37:48","modified_gmt":"2023-04-18T06:37:48","slug":"tanning-mist","status":"publish","type":"product","link":"https:\/\/mei-organics.com\/pl\/produkt\/tanning-mist\/","title":{"rendered":"Tanning mist"},"content":{"rendered":"<p>Zastanawiasz si\u0119 dlaczego tak wielu ludzi ostanio si\u0119ga po samoopalaj\u0105c\u0105 wod\u0119 lub mgie\u0142k\u0119? <strong>S\u0105 po prostu naj\u0142atwiejszym i najskuteczniejszym sposobem na uzyskanie ca\u0142kowicie naturalnej i stopniowej opalenizny.<\/strong><\/p>\n<ul>\n<li>dla ka\u017cdego rodzaju sk\u00f3ry<\/li>\n<li>nie pozostawiaj\u0105 plam<\/li>\n<li>bez pomara\u0144czowego odcienia\/koloru<\/li>\n<li>bez nieprzyjemnego zapachu<\/li>\n<\/ul>\n<p><strong>Dla Twojej idealnej wakacyjnej opalenizny przez ca\u0142y rok.<\/strong><\/p>\n","protected":false},"excerpt":{"rendered":"<p>Stopniowo samoopalaj\u0105ca woda do twarzy i cia\u0142a (150 ml)<\/p>\n","protected":false},"featured_media":5509,"comment_status":"closed","ping_status":"closed","template":"","meta":{"inline_featured_image":false},"product_cat":[85],"product_tag":[],"class_list":{"0":"post-2348","1":"product","2":"type-product","3":"status-publish","4":"has-post-thumbnail","6":"product_cat-tanning-mist-pl","8":"first","9":"instock","10":"sale","11":"featured","12":"taxable","13":"shipping-taxable","14":"purchasable","15":"product-type-simple"},"acf":[],"_links":{"self":[{"href":"https:\/\/mei-organics.com\/pl\/wp-json\/wp\/v2\/product\/2348","targetHints":{"allow":["GET"]}}],"collection":[{"href":"https:\/\/mei-organics.com\/pl\/wp-json\/wp\/v2\/product"}],"about":[{"href":"https:\/\/mei-organics.com\/pl\/wp-json\/wp\/v2\/types\/product"}],"replies":[{"embeddable":true,"href":"https:\/\/mei-organics.com\/pl\/wp-json\/wp\/v2\/comments?post=2348"}],"wp:featuredmedia":[{"embeddable":true,"href":"https:\/\/mei-organics.com\/pl\/wp-json\/wp\/v2\/media\/5509"}],"wp:attachment":[{"href":"https:\/\/mei-organics.com\/pl\/wp-json\/wp\/v2\/media?parent=2348"}],"wp:term":[{"taxonomy":"product_cat","embeddable":true,"href":"https:\/\/mei-organics.com\/pl\/wp-json\/wp\/v2\/product_cat?post=2348"},{"taxonomy":"product_tag","embeddable":true,"href":"https:\/\/mei-organics.com\/pl\/wp-json\/wp\/v2\/product_tag?post=2348"}],"curies":[{"name":"wp","href":"https:\/\/api.w.org\/{rel}","templated":true}]}}