{"id":6072,"date":"2022-06-28T08:08:43","date_gmt":"2022-06-28T08:08:43","guid":{"rendered":"https:\/\/mei-organics.com\/?post_type=product&#038;p=6072"},"modified":"2023-04-20T06:52:59","modified_gmt":"2023-04-20T06:52:59","slug":"body-lotion","status":"publish","type":"product","link":"https:\/\/mei-organics.com\/pl\/produkt\/body-lotion\/","title":{"rendered":"Body lotion"},"content":{"rendered":"<p>Organiczne mleczko do cia\u0142a z wyselekcjonowanymi sk\u0142adnikami, od\u017cywia i nawil\u017ca sk\u00f3r\u0119. Odpowiednie dla ka\u017cdego rodzaju sk\u00f3ry, tak\u017ce wra\u017cliwej. Zawiera bardzo wysok\u0105 zawarto\u015b\u0107 <strong>mas\u0142a shea, jojoba i olejk\u00f3w kokosowych<\/strong>. Zachowaj opalenizn\u0119 na d\u0142u\u017cej, dzi\u0119ki najwy\u017cszej jako\u015bci piel\u0119gnacji po opalaniu.<\/p>\n<ul>\n<li>\u0142agodzi oparzenia, od\u017cywia i nawil\u017ca uszkodzon\u0105 i oparzon\u0105 sk\u00f3r\u0119.<\/li>\n<li>koi podra\u017cnion\u0105 sk\u00f3r\u0119, \u0142agodzi zaczerwienienia.<\/li>\n<li>zapobiega przedwczesnemu starzeniu si\u0119 sk\u00f3ry, przyspiesza regeneracj\u0119.<\/li>\n<\/ul>\n<p>Doskona\u0142y jako ca\u0142oroczny balsam do cia\u0142a oraz <strong>mleczko po opalaniu<\/strong>. Naturalny sk\u0142ad sprawia, \u017ce \u200b\u200bjest odpowiedni tak\u017ce dla sk\u00f3ry wra\u017cliwej i dzieci.<\/p>\n","protected":false},"excerpt":{"rendered":"<p>Naturalny Lotion do cia\u0142a o cudownym zapachu (200ml).<\/p>\n","protected":false},"featured_media":5476,"comment_status":"closed","ping_status":"closed","template":"","meta":{"inline_featured_image":false},"product_cat":[73,85],"product_tag":[],"class_list":{"0":"post-6072","1":"product","2":"type-product","3":"status-publish","4":"has-post-thumbnail","6":"product_cat-mei-organics-pl","7":"product_cat-tanning-mist-pl","9":"first","10":"instock","11":"sale","12":"featured","13":"taxable","14":"shipping-taxable","15":"purchasable","16":"product-type-simple"},"acf":[],"_links":{"self":[{"href":"https:\/\/mei-organics.com\/pl\/wp-json\/wp\/v2\/product\/6072","targetHints":{"allow":["GET"]}}],"collection":[{"href":"https:\/\/mei-organics.com\/pl\/wp-json\/wp\/v2\/product"}],"about":[{"href":"https:\/\/mei-organics.com\/pl\/wp-json\/wp\/v2\/types\/product"}],"replies":[{"embeddable":true,"href":"https:\/\/mei-organics.com\/pl\/wp-json\/wp\/v2\/comments?post=6072"}],"wp:featuredmedia":[{"embeddable":true,"href":"https:\/\/mei-organics.com\/pl\/wp-json\/wp\/v2\/media\/5476"}],"wp:attachment":[{"href":"https:\/\/mei-organics.com\/pl\/wp-json\/wp\/v2\/media?parent=6072"}],"wp:term":[{"taxonomy":"product_cat","embeddable":true,"href":"https:\/\/mei-organics.com\/pl\/wp-json\/wp\/v2\/product_cat?post=6072"},{"taxonomy":"product_tag","embeddable":true,"href":"https:\/\/mei-organics.com\/pl\/wp-json\/wp\/v2\/product_tag?post=6072"}],"curies":[{"name":"wp","href":"https:\/\/api.w.org\/{rel}","templated":true}]}}