{"id":7204,"date":"2022-06-28T07:54:51","date_gmt":"2022-06-28T07:54:51","guid":{"rendered":"https:\/\/mei-organics.com\/?post_type=product&#038;p=7204"},"modified":"2023-04-18T08:16:11","modified_gmt":"2023-04-18T08:16:11","slug":"body-bronzer","status":"publish","type":"product","link":"https:\/\/mei-organics.com\/pl\/produkt\/body-bronzer\/","title":{"rendered":"Body bronzer"},"content":{"rendered":"<p>100% naturalny bronzer bez smug. Natychmiastowa <strong>opalenizna bez s\u0142o\u0144ca,<\/strong> kiedy tylko chcesz, o dowolnej porze roku.<\/p>\n<ul>\n<li>Natychmiast uzyskaj g\u0142adk\u0105, b\u0142yszcz\u0105c\u0105 opalenizn\u0119.<\/li>\n<li><strong>Proste stosowanie i usuwanie.<\/strong><\/li>\n<li>Tylko naturalne sk\u0142adniki klasy premium.<\/li>\n<li><strong>Ciemniejsza, fascynuj\u0105ca opalenizna<\/strong>, bez szkodliwego promieniowania UV.<\/li>\n<\/ul>\n<p>Czy wiedzia\u0142a\u015b, \u017ce mo\u017cesz skorzysta\u0107 z bronzera zamiast kremu BB lub pudru?<\/p>\n","protected":false},"excerpt":{"rendered":"<p>Natychmiast uzyskaj g\u0142adk\u0105, b\u0142yszcz\u0105c\u0105 opalenizn\u0119.<\/p>\n","protected":false},"featured_media":5498,"comment_status":"closed","ping_status":"closed","template":"","meta":{"inline_featured_image":false},"product_cat":[73,85],"product_tag":[],"class_list":{"0":"post-7204","1":"product","2":"type-product","3":"status-publish","4":"has-post-thumbnail","6":"product_cat-mei-organics-pl","7":"product_cat-tanning-mist-pl","9":"first","10":"outofstock","11":"sale","12":"featured","13":"taxable","14":"shipping-taxable","15":"purchasable","16":"product-type-simple"},"acf":[],"_links":{"self":[{"href":"https:\/\/mei-organics.com\/pl\/wp-json\/wp\/v2\/product\/7204","targetHints":{"allow":["GET"]}}],"collection":[{"href":"https:\/\/mei-organics.com\/pl\/wp-json\/wp\/v2\/product"}],"about":[{"href":"https:\/\/mei-organics.com\/pl\/wp-json\/wp\/v2\/types\/product"}],"replies":[{"embeddable":true,"href":"https:\/\/mei-organics.com\/pl\/wp-json\/wp\/v2\/comments?post=7204"}],"wp:featuredmedia":[{"embeddable":true,"href":"https:\/\/mei-organics.com\/pl\/wp-json\/wp\/v2\/media\/5498"}],"wp:attachment":[{"href":"https:\/\/mei-organics.com\/pl\/wp-json\/wp\/v2\/media?parent=7204"}],"wp:term":[{"taxonomy":"product_cat","embeddable":true,"href":"https:\/\/mei-organics.com\/pl\/wp-json\/wp\/v2\/product_cat?post=7204"},{"taxonomy":"product_tag","embeddable":true,"href":"https:\/\/mei-organics.com\/pl\/wp-json\/wp\/v2\/product_tag?post=7204"}],"curies":[{"name":"wp","href":"https:\/\/api.w.org\/{rel}","templated":true}]}}