{"id":2349,"date":"2022-06-07T16:22:28","date_gmt":"2022-06-07T16:22:28","guid":{"rendered":"https:\/\/mei-organics.com\/product\/tanning-mist\/"},"modified":"2023-04-12T12:29:55","modified_gmt":"2023-04-12T12:29:55","slug":"tanning-mist","status":"publish","type":"product","link":"https:\/\/mei-organics.com\/sk\/produkt\/tanning-mist\/","title":{"rendered":"Tanning mist"},"content":{"rendered":"<p>Zauj\u00edmalo by v\u00e1s, pre\u010do v poslednej dobe v\u0161etci volia samoopa\u013eovacie vody alebo hmly? Je to jednoducho povedan\u00e9 najjednoduch\u0161\u00ed a naj\u00fa\u010dinnej\u0161\u00ed sp\u00f4sob, ako dosiahnu\u0165 \u00faplne prirodzen\u00e9ho a postupn\u00e9ho op\u00e1lenia.<\/p>\n<ul>\n<li>pre v\u0161etky typy poko\u017eky<\/li>\n<li>nezanech\u00e1va \u017eiadne \u0161kvrny<\/li>\n<li>\u017eiadne oran\u017eov\u00e9 odtiene\/farby<\/li>\n<li>\u017eiadny nepr\u00edjemn\u00fd z\u00e1pach<\/li>\n<\/ul>\n<p><strong>Pre dokonal\u00e9 op\u00e1lenie po cel\u00fd rok.<\/strong><\/p>\n","protected":false},"excerpt":{"rendered":"<p>Postupn\u00e1 samoopa\u013eovacia voda na tv\u00e1r a telo (150 ml).<\/p>\n","protected":false},"featured_media":5510,"comment_status":"closed","ping_status":"closed","template":"","meta":{"inline_featured_image":false},"product_cat":[86],"product_tag":[],"class_list":{"0":"post-2349","1":"product","2":"type-product","3":"status-publish","4":"has-post-thumbnail","6":"product_cat-tanning-mist-sk","8":"first","9":"instock","10":"sale","11":"featured","12":"taxable","13":"shipping-taxable","14":"purchasable","15":"product-type-simple"},"acf":[],"_links":{"self":[{"href":"https:\/\/mei-organics.com\/sk\/wp-json\/wp\/v2\/product\/2349","targetHints":{"allow":["GET"]}}],"collection":[{"href":"https:\/\/mei-organics.com\/sk\/wp-json\/wp\/v2\/product"}],"about":[{"href":"https:\/\/mei-organics.com\/sk\/wp-json\/wp\/v2\/types\/product"}],"replies":[{"embeddable":true,"href":"https:\/\/mei-organics.com\/sk\/wp-json\/wp\/v2\/comments?post=2349"}],"wp:featuredmedia":[{"embeddable":true,"href":"https:\/\/mei-organics.com\/sk\/wp-json\/wp\/v2\/media\/5510"}],"wp:attachment":[{"href":"https:\/\/mei-organics.com\/sk\/wp-json\/wp\/v2\/media?parent=2349"}],"wp:term":[{"taxonomy":"product_cat","embeddable":true,"href":"https:\/\/mei-organics.com\/sk\/wp-json\/wp\/v2\/product_cat?post=2349"},{"taxonomy":"product_tag","embeddable":true,"href":"https:\/\/mei-organics.com\/sk\/wp-json\/wp\/v2\/product_tag?post=2349"}],"curies":[{"name":"wp","href":"https:\/\/api.w.org\/{rel}","templated":true}]}}