{"id":4682,"date":"2022-06-29T12:42:13","date_gmt":"2022-06-29T12:42:13","guid":{"rendered":"https:\/\/mei-organics.com\/?post_type=product&#038;p=4682"},"modified":"2023-05-10T10:15:39","modified_gmt":"2023-05-10T10:15:39","slug":"tanning-mist-copy","status":"publish","type":"product","link":"https:\/\/mei-organics.com\/sk\/produkt\/tanning-mist-copy\/","title":{"rendered":"Tanning jam"},"content":{"rendered":"<p><strong>Dosiahnite najhlb\u0161ie a najlep\u0161ie prirodzen\u00e9 op\u00e1lenie. Tento<\/strong> pr\u00e9miov\u00fd, hydrata\u010dn\u00fd opa\u013eovac\u00ed kr\u00e9m obohaten\u00fd o betakarot\u00e9n, v\u00fd\u0165a\u017eok z mrkvy, organick\u00fd jojobov\u00fd olej, organick\u00fd kokosov\u00fd olej, organick\u00e9 bambuck\u00e9 maslo, organick\u00e9 kakaov\u00e9 maslo a rozmar\u00edn vy\u017eivuje poko\u017eku a z\u00e1rove\u0148 dosahuje hlbok\u00e9 prirodzen\u00e9 op\u00e1lenie.<\/p>\n<ul>\n<li>r\u00fdchlej\u0161ie op\u00e1lenie pri men\u0161om slnen\u00ed<\/li>\n<li>pridan\u00fd beta karot\u00e9n pre dlh\u0161ie trvaj\u00face op\u00e1lenie<\/li>\n<li>v\u00fd\u017eivn\u00fd a hydrata\u010dn\u00fd kr\u00e9m<\/li>\n<li>so zlat\u00fdmi pigmentmi pre \u017eiariv\u00fd vzh\u013ead<\/li>\n<li>bez konzerva\u010dn\u00fdch l\u00e1tok, bez vazel\u00edny a bez paraf\u00ednu<\/li>\n<li>dlh\u0161ie trvaj\u00face op\u00e1lenie<\/li>\n<li>r\u00fdchlo sa vstreb\u00e1va a nezanech\u00e1va \u0161kvrny<\/li>\n<\/ul>\n","protected":false},"excerpt":{"rendered":"<p>100% pr\u00edrodn\u00fd kr\u00e9m ur\u00fdch\u013euj\u00faci op\u00e1lenie (140 ml).<\/p>\n","protected":false},"featured_media":5466,"comment_status":"closed","ping_status":"closed","template":"","meta":{"inline_featured_image":false},"product_cat":[86],"product_tag":[],"class_list":{"0":"post-4682","1":"product","2":"type-product","3":"status-publish","4":"has-post-thumbnail","6":"product_cat-tanning-mist-sk","8":"first","9":"instock","10":"sale","11":"featured","12":"taxable","13":"shipping-taxable","14":"purchasable","15":"product-type-simple"},"acf":[],"_links":{"self":[{"href":"https:\/\/mei-organics.com\/sk\/wp-json\/wp\/v2\/product\/4682","targetHints":{"allow":["GET"]}}],"collection":[{"href":"https:\/\/mei-organics.com\/sk\/wp-json\/wp\/v2\/product"}],"about":[{"href":"https:\/\/mei-organics.com\/sk\/wp-json\/wp\/v2\/types\/product"}],"replies":[{"embeddable":true,"href":"https:\/\/mei-organics.com\/sk\/wp-json\/wp\/v2\/comments?post=4682"}],"wp:featuredmedia":[{"embeddable":true,"href":"https:\/\/mei-organics.com\/sk\/wp-json\/wp\/v2\/media\/5466"}],"wp:attachment":[{"href":"https:\/\/mei-organics.com\/sk\/wp-json\/wp\/v2\/media?parent=4682"}],"wp:term":[{"taxonomy":"product_cat","embeddable":true,"href":"https:\/\/mei-organics.com\/sk\/wp-json\/wp\/v2\/product_cat?post=4682"},{"taxonomy":"product_tag","embeddable":true,"href":"https:\/\/mei-organics.com\/sk\/wp-json\/wp\/v2\/product_tag?post=4682"}],"curies":[{"name":"wp","href":"https:\/\/api.w.org\/{rel}","templated":true}]}}