{"id":6075,"date":"2022-06-28T08:08:43","date_gmt":"2022-06-28T08:08:43","guid":{"rendered":"https:\/\/mei-organics.com\/?post_type=product&#038;p=6075"},"modified":"2023-04-20T06:54:14","modified_gmt":"2023-04-20T06:54:14","slug":"body-lotion","status":"publish","type":"product","link":"https:\/\/mei-organics.com\/sk\/produkt\/body-lotion\/","title":{"rendered":"Body lotion"},"content":{"rendered":"<p>Bio telov\u00e9 mlieko s vybran\u00fdmi pr\u00edsadami, vy\u017eivuje a zvlh\u010duje poko\u017eku. Vhodn\u00fd pre v\u0161etky typy poko\u017eky, vr\u00e1tane citlivej. Obsahuje ve\u013emi vysok\u00e9 percento <strong>bambuck\u00e9ho masla, jojobov\u00e9ho a kokosov\u00e9ho oleja.<\/strong> Zosta\u0148te dlh\u0161ie op\u00e1len\u00ed s pr\u00e9miovou starostlivos\u0165ou po opa\u013eovan\u00ed.<\/p>\n<ul>\n<li>zmier\u0148uje pop\u00e1leniny, vy\u017eivuje a zvlh\u010duje po\u0161koden\u00fa a prehriatu poko\u017eku.<\/li>\n<li>upokojuje podr\u00e1\u017eden\u00fa poko\u017eku, zmier\u0148uje za\u010dervenanie<\/li>\n<li>zabra\u0148uje pred\u010dasn\u00e9mu starnutiu, ur\u00fdch\u013euje regener\u00e1ciu<\/li>\n<\/ul>\n<p>Vynikaj\u00face ako celoro\u010dn\u00e9 telov\u00e9 mlieko a <strong>mlieko po opa\u013eovan\u00ed<\/strong>. V\u010faka pr\u00edrodn\u00e9mu zlo\u017eeniu je vhodn\u00fd pre citliv\u00fa poko\u017eku a deti.<\/p>\n","protected":false},"excerpt":{"rendered":"<p>Pr\u00edrodn\u00e9 telov\u00e9 mlieko s n\u00e1dhernou v\u00f4\u0148ou (200 ml).<\/p>\n","protected":false},"featured_media":5477,"comment_status":"closed","ping_status":"closed","template":"","meta":{"inline_featured_image":false},"product_cat":[75,86],"product_tag":[],"class_list":{"0":"post-6075","1":"product","2":"type-product","3":"status-publish","4":"has-post-thumbnail","6":"product_cat-mei-organics-sk","7":"product_cat-tanning-mist-sk","9":"first","10":"instock","11":"sale","12":"featured","13":"taxable","14":"shipping-taxable","15":"purchasable","16":"product-type-simple"},"acf":[],"_links":{"self":[{"href":"https:\/\/mei-organics.com\/sk\/wp-json\/wp\/v2\/product\/6075","targetHints":{"allow":["GET"]}}],"collection":[{"href":"https:\/\/mei-organics.com\/sk\/wp-json\/wp\/v2\/product"}],"about":[{"href":"https:\/\/mei-organics.com\/sk\/wp-json\/wp\/v2\/types\/product"}],"replies":[{"embeddable":true,"href":"https:\/\/mei-organics.com\/sk\/wp-json\/wp\/v2\/comments?post=6075"}],"wp:featuredmedia":[{"embeddable":true,"href":"https:\/\/mei-organics.com\/sk\/wp-json\/wp\/v2\/media\/5477"}],"wp:attachment":[{"href":"https:\/\/mei-organics.com\/sk\/wp-json\/wp\/v2\/media?parent=6075"}],"wp:term":[{"taxonomy":"product_cat","embeddable":true,"href":"https:\/\/mei-organics.com\/sk\/wp-json\/wp\/v2\/product_cat?post=6075"},{"taxonomy":"product_tag","embeddable":true,"href":"https:\/\/mei-organics.com\/sk\/wp-json\/wp\/v2\/product_tag?post=6075"}],"curies":[{"name":"wp","href":"https:\/\/api.w.org\/{rel}","templated":true}]}}