{"id":7207,"date":"2022-06-28T07:54:51","date_gmt":"2022-06-28T07:54:51","guid":{"rendered":"https:\/\/mei-organics.com\/?post_type=product&#038;p=7207"},"modified":"2023-04-18T08:17:30","modified_gmt":"2023-04-18T08:17:30","slug":"body-bronzer","status":"publish","type":"product","link":"https:\/\/mei-organics.com\/sk\/produkt\/body-bronzer\/","title":{"rendered":"Body bronzer"},"content":{"rendered":"<p>100% p\u0159\u00edrodn\u00ed bronz bez pruh\u016f pro okam\u017eit\u00e9 <strong>op\u00e1len\u00ed bez slunce<\/strong>, kdykoliv b\u011bhem roku.<\/p>\n<ul>\n<li>Okam\u017eite hladk\u00e1, leskl\u00e1 a op\u00e1len\u00e1 ple\u0165.<\/li>\n<li>Jednoduch\u00e1 aplik\u00e1cia a odstr\u00e1nenie.<\/li>\n<li>Iba prvotriedne pr\u00edrodn\u00e9 ingrediencie.<\/li>\n<li><strong>Pre tmav\u0161ie op\u00e1lenie a trblietav\u00fd vzh\u013ead<\/strong> bez \u0161kodlivej expoz\u00edcie UV \u017eiareniu.<\/li>\n<\/ul>\n<p>Vedeli ste, \u017ee m\u00f4\u017eete pou\u017ei\u0165 bronz miesto BB kr\u00e9mu alebo pr\u00e1\u0161ku na tv\u00e1r?<\/p>\n","protected":false},"excerpt":{"rendered":"<p>Okam\u017eite hladk\u00e1, leskl\u00e1 a op\u00e1len\u00e1 ple\u0165 (100 ml).<\/p>\n","protected":false},"featured_media":5499,"comment_status":"closed","ping_status":"closed","template":"","meta":{"inline_featured_image":false},"product_cat":[75,86],"product_tag":[],"class_list":{"0":"post-7207","1":"product","2":"type-product","3":"status-publish","4":"has-post-thumbnail","6":"product_cat-mei-organics-sk","7":"product_cat-tanning-mist-sk","9":"first","10":"outofstock","11":"sale","12":"featured","13":"taxable","14":"shipping-taxable","15":"purchasable","16":"product-type-simple"},"acf":[],"_links":{"self":[{"href":"https:\/\/mei-organics.com\/sk\/wp-json\/wp\/v2\/product\/7207","targetHints":{"allow":["GET"]}}],"collection":[{"href":"https:\/\/mei-organics.com\/sk\/wp-json\/wp\/v2\/product"}],"about":[{"href":"https:\/\/mei-organics.com\/sk\/wp-json\/wp\/v2\/types\/product"}],"replies":[{"embeddable":true,"href":"https:\/\/mei-organics.com\/sk\/wp-json\/wp\/v2\/comments?post=7207"}],"wp:featuredmedia":[{"embeddable":true,"href":"https:\/\/mei-organics.com\/sk\/wp-json\/wp\/v2\/media\/5499"}],"wp:attachment":[{"href":"https:\/\/mei-organics.com\/sk\/wp-json\/wp\/v2\/media?parent=7207"}],"wp:term":[{"taxonomy":"product_cat","embeddable":true,"href":"https:\/\/mei-organics.com\/sk\/wp-json\/wp\/v2\/product_cat?post=7207"},{"taxonomy":"product_tag","embeddable":true,"href":"https:\/\/mei-organics.com\/sk\/wp-json\/wp\/v2\/product_tag?post=7207"}],"curies":[{"name":"wp","href":"https:\/\/api.w.org\/{rel}","templated":true}]}}