{"id":2231,"date":"2022-06-07T16:22:28","date_gmt":"2022-06-07T16:22:28","guid":{"rendered":"https:\/\/mei-organics.com\/product\/tanning-mist\/"},"modified":"2024-05-27T08:29:47","modified_gmt":"2024-05-27T08:29:47","slug":"tanning-mist","status":"publish","type":"product","link":"https:\/\/mei-organics.com\/sl\/izdelek\/tanning-mist\/","title":{"rendered":"Tanning mist"},"content":{"rendered":"<blockquote><p><strong>Samoporjavitvena meglica za obraz in telo.<\/strong> Se tudi ti spra\u0161uje\u0161 zakaj zadnje \u010dase vsi prisegajo le na samoporjavitvene vode oz. meglice? Preprosto zato, ker so najbolj enostaven in u\u010dinkovit na\u010din za doseganje popolnoma naravne in postopne porjavitve.<\/p><\/blockquote>\n<ul>\n<li>za vse tipe ko\u017ee<\/li>\n<li>ne pu\u0161\u010da made\u017eev<\/li>\n<li>brez oran\u017enega tena<\/li>\n<li>brez neprijetnega vonja<\/li>\n<li>ohranja va\u0161o poletno zagorelost<\/li>\n<\/ul>\n","protected":false},"excerpt":{"rendered":"<p>Postopna samoporjavitvena voda za obraz in telo (150 ml).<\/p>\n","protected":false},"featured_media":5511,"comment_status":"closed","ping_status":"closed","template":"","meta":{"inline_featured_image":false},"product_cat":[87],"product_tag":[],"class_list":{"0":"post-2231","1":"product","2":"type-product","3":"status-publish","4":"has-post-thumbnail","6":"product_cat-tanning-mist-sl","8":"first","9":"instock","10":"sale","11":"featured","12":"taxable","13":"shipping-taxable","14":"purchasable","15":"product-type-simple"},"acf":[],"_links":{"self":[{"href":"https:\/\/mei-organics.com\/sl\/wp-json\/wp\/v2\/product\/2231","targetHints":{"allow":["GET"]}}],"collection":[{"href":"https:\/\/mei-organics.com\/sl\/wp-json\/wp\/v2\/product"}],"about":[{"href":"https:\/\/mei-organics.com\/sl\/wp-json\/wp\/v2\/types\/product"}],"replies":[{"embeddable":true,"href":"https:\/\/mei-organics.com\/sl\/wp-json\/wp\/v2\/comments?post=2231"}],"wp:featuredmedia":[{"embeddable":true,"href":"https:\/\/mei-organics.com\/sl\/wp-json\/wp\/v2\/media\/5511"}],"wp:attachment":[{"href":"https:\/\/mei-organics.com\/sl\/wp-json\/wp\/v2\/media?parent=2231"}],"wp:term":[{"taxonomy":"product_cat","embeddable":true,"href":"https:\/\/mei-organics.com\/sl\/wp-json\/wp\/v2\/product_cat?post=2231"},{"taxonomy":"product_tag","embeddable":true,"href":"https:\/\/mei-organics.com\/sl\/wp-json\/wp\/v2\/product_tag?post=2231"}],"curies":[{"name":"wp","href":"https:\/\/api.w.org\/{rel}","templated":true}]}}