{"id":3631,"date":"2022-06-28T08:08:43","date_gmt":"2022-06-28T08:08:43","guid":{"rendered":"https:\/\/mei-organics.com\/?post_type=product&#038;p=3631"},"modified":"2024-05-27T08:28:21","modified_gmt":"2024-05-27T08:28:21","slug":"body-lotion","status":"publish","type":"product","link":"https:\/\/mei-organics.com\/sl\/izdelek\/body-lotion\/","title":{"rendered":"Body lotion"},"content":{"rendered":"<p>BIO mleko za telo z izbranimi sestavinami <strong>neguje, hrani in vla\u017ei ko\u017eo,<\/strong> primerno je za vse tipe ko\u017ee, tudi za ob\u010dutljivo. Vsebuje visok dele\u017e karitejevega masla ter jojobinega in kokosovega olja.<\/p>\n<ul>\n<li>laj\u0161a opekline<\/li>\n<li>hrani in vla\u017ei po\u0161kodovano ko\u017eo<\/li>\n<li>pomirja razdra\u017eeno ko\u017eo<\/li>\n<li>prepre\u010duje prehitro staranje<\/li>\n<li>pospe\u0161uje regeneracijo<\/li>\n<\/ul>\n<p>Priro\u010dna embala\u017ea na pumpico za enostavno doziranje (200 ml).<\/p>\n","protected":false},"excerpt":{"rendered":"<p>100% naravno, bogato in vla\u017eilno mleko za po son\u010denju.<\/p>\n","protected":false},"featured_media":5478,"comment_status":"closed","ping_status":"closed","template":"","meta":{"inline_featured_image":false},"product_cat":[63,87],"product_tag":[],"class_list":{"0":"post-3631","1":"product","2":"type-product","3":"status-publish","4":"has-post-thumbnail","6":"product_cat-mei-organics-sl","7":"product_cat-tanning-mist-sl","9":"first","10":"instock","11":"sale","12":"featured","13":"taxable","14":"shipping-taxable","15":"purchasable","16":"product-type-simple"},"acf":[],"_links":{"self":[{"href":"https:\/\/mei-organics.com\/sl\/wp-json\/wp\/v2\/product\/3631","targetHints":{"allow":["GET"]}}],"collection":[{"href":"https:\/\/mei-organics.com\/sl\/wp-json\/wp\/v2\/product"}],"about":[{"href":"https:\/\/mei-organics.com\/sl\/wp-json\/wp\/v2\/types\/product"}],"replies":[{"embeddable":true,"href":"https:\/\/mei-organics.com\/sl\/wp-json\/wp\/v2\/comments?post=3631"}],"wp:featuredmedia":[{"embeddable":true,"href":"https:\/\/mei-organics.com\/sl\/wp-json\/wp\/v2\/media\/5478"}],"wp:attachment":[{"href":"https:\/\/mei-organics.com\/sl\/wp-json\/wp\/v2\/media?parent=3631"}],"wp:term":[{"taxonomy":"product_cat","embeddable":true,"href":"https:\/\/mei-organics.com\/sl\/wp-json\/wp\/v2\/product_cat?post=3631"},{"taxonomy":"product_tag","embeddable":true,"href":"https:\/\/mei-organics.com\/sl\/wp-json\/wp\/v2\/product_tag?post=3631"}],"curies":[{"name":"wp","href":"https:\/\/api.w.org\/{rel}","templated":true}]}}